{"id":621,"date":"2025-07-09T15:09:49","date_gmt":"2025-07-09T15:09:49","guid":{"rendered":"https:\/\/scarto.info\/?post_type=product&#038;p=621"},"modified":"2026-01-13T05:33:47","modified_gmt":"2026-01-13T05:33:47","slug":"soporte-para-plancha-de-silicona","status":"publish","type":"product","link":"https:\/\/scarto.co\/en\/product\/soporte-para-plancha-de-silicona\/","title":{"rendered":"SILICONE IRON SUPPORT"},"content":{"rendered":"","protected":false},"excerpt":{"rendered":"<ul>\n<li data-start=\"140\" data-end=\"209\">High durability and heat resistance, ideal for home use.<\/li>\n<li data-start=\"140\" data-end=\"209\">Non-slip surface with raised dots for greater stability of the iron.<\/li>\n<li data-start=\"140\" data-end=\"209\">It withstands temperatures up to 220\u00baC (428\u00baF), higher than the maximum heat of standard irons.<\/li>\n<li data-start=\"140\" data-end=\"209\">Made of durable silicone, it does not deform or lose its properties.<\/li>\n<li data-start=\"140\" data-end=\"209\">100% Eco-friendly and environmentally friendly.<\/li>\n<\/ul>","protected":false},"featured_media":625,"template":"","meta":{"site-sidebar-layout":"default","site-content-layout":"","ast-site-content-layout":"default","site-content-style":"default","site-sidebar-style":"default","ast-global-header-display":"","ast-banner-title-visibility":"","ast-main-header-display":"","ast-hfb-above-header-display":"","ast-hfb-below-header-display":"","ast-hfb-mobile-header-display":"","site-post-title":"","ast-breadcrumbs-content":"","ast-featured-img":"","footer-sml-layout":"","ast-disable-related-posts":"","theme-transparent-header-meta":"default","adv-header-id-meta":"","stick-header-meta":"default","header-above-stick-meta":"","header-main-stick-meta":"","header-below-stick-meta":"","astra-migrate-meta-layouts":"set","ast-page-background-enabled":"default","ast-page-background-meta":{"desktop":{"background-color":"var(--ast-global-color-4)","background-image":"","background-repeat":"repeat","background-position":"center center","background-size":"auto","background-attachment":"scroll","background-type":"","background-media":"","overlay-type":"","overlay-color":"","overlay-opacity":"","overlay-gradient":""},"tablet":{"background-color":"","background-image":"","background-repeat":"repeat","background-position":"center center","background-size":"auto","background-attachment":"scroll","background-type":"","background-media":"","overlay-type":"","overlay-color":"","overlay-opacity":"","overlay-gradient":""},"mobile":{"background-color":"","background-image":"","background-repeat":"repeat","background-position":"center center","background-size":"auto","background-attachment":"scroll","background-type":"","background-media":"","overlay-type":"","overlay-color":"","overlay-opacity":"","overlay-gradient":""}},"ast-content-background-meta":{"desktop":{"background-color":"var(--ast-global-color-5)","background-image":"","background-repeat":"repeat","background-position":"center center","background-size":"auto","background-attachment":"scroll","background-type":"","background-media":"","overlay-type":"","overlay-color":"","overlay-opacity":"","overlay-gradient":""},"tablet":{"background-color":"var(--ast-global-color-5)","background-image":"","background-repeat":"repeat","background-position":"center center","background-size":"auto","background-attachment":"scroll","background-type":"","background-media":"","overlay-type":"","overlay-color":"","overlay-opacity":"","overlay-gradient":""},"mobile":{"background-color":"var(--ast-global-color-5)","background-image":"","background-repeat":"repeat","background-position":"center center","background-size":"auto","background-attachment":"scroll","background-type":"","background-media":"","overlay-type":"","overlay-color":"","overlay-opacity":"","overlay-gradient":""}},"_joinchat":[]},"product_brand":[],"product_cat":[20,30],"product_tag":[],"class_list":{"0":"post-621","1":"product","2":"type-product","3":"status-publish","4":"has-post-thumbnail","6":"product_cat-silicona","7":"product_cat-soportes-de-silicona-para-planchas","8":"desktop-align-left","9":"tablet-align-left","10":"mobile-align-left","11":"ast-product-gallery-layout-horizontal-slider","13":"first","14":"instock","15":"shipping-taxable","16":"purchasable","17":"product-type-simple"},"yoast_head":"<!-- This site is optimized with the Yoast SEO plugin v27.3 - https:\/\/yoast.com\/product\/yoast-seo-wordpress\/ -->\n<title>SOPORTE PARA PLANCHA DE SILICONA - SCARTO - MOLDES DE SILICONA INDUSTRIAL<\/title>\n<meta name=\"robots\" content=\"index, follow, max-snippet:-1, max-image-preview:large, max-video-preview:-1\" \/>\n<link rel=\"canonical\" href=\"https:\/\/scarto.co\/en\/product\/soporte-para-plancha-de-silicona\/\" \/>\n<meta property=\"og:locale\" content=\"en_US\" \/>\n<meta property=\"og:type\" content=\"article\" \/>\n<meta property=\"og:title\" content=\"SOPORTE PARA PLANCHA DE SILICONA - SCARTO - MOLDES DE SILICONA INDUSTRIAL\" \/>\n<meta property=\"og:description\" content=\"Alta duraci\u00f3n y resistencia al calor, ideal para uso dom\u00e9stico.  Superficie antideslizante con puntos en alto relieve para mayor estabilidad de la plancha.  Soporta temperaturas de hasta 220 \u00baC (428 \u00baF), superior al calor m\u00e1ximo de las planchas est\u00e1ndar.  Elaborado en silicona resistente, no se deforma ni pierde propiedades.  100% ecol\u00f3gico y amigable con el medio ambiente.\" \/>\n<meta property=\"og:url\" content=\"https:\/\/scarto.co\/en\/product\/soporte-para-plancha-de-silicona\/\" \/>\n<meta property=\"og:site_name\" content=\"SCARTO - MOLDES DE SILICONA INDUSTRIAL\" \/>\n<meta property=\"article:publisher\" content=\"https:\/\/www.facebook.com\/people\/Scarto\/100067381719590\/\" \/>\n<meta property=\"article:modified_time\" content=\"2026-01-13T05:33:47+00:00\" \/>\n<meta property=\"og:image\" content=\"https:\/\/scarto.co\/wp-content\/uploads\/2025\/07\/SOPORTE-PARA-PLANCHA-DE-SILICONA-4-1024x1024.png\" \/>\n\t<meta property=\"og:image:width\" content=\"1024\" \/>\n\t<meta property=\"og:image:height\" content=\"1024\" \/>\n\t<meta property=\"og:image:type\" content=\"image\/png\" \/>\n<meta name=\"twitter:card\" content=\"summary_large_image\" \/>\n<meta name=\"twitter:label1\" content=\"Est. reading time\" \/>\n\t<meta name=\"twitter:data1\" content=\"1 minute\" \/>\n<script type=\"application\/ld+json\" class=\"yoast-schema-graph\">{\"@context\":\"https:\\\/\\\/schema.org\",\"@graph\":[{\"@type\":\"WebPage\",\"@id\":\"https:\\\/\\\/scarto.co\\\/producto\\\/soporte-para-plancha-de-silicona\\\/\",\"url\":\"https:\\\/\\\/scarto.co\\\/producto\\\/soporte-para-plancha-de-silicona\\\/\",\"name\":\"SOPORTE PARA PLANCHA DE SILICONA - SCARTO - MOLDES DE SILICONA INDUSTRIAL\",\"isPartOf\":{\"@id\":\"https:\\\/\\\/scarto.co\\\/#website\"},\"primaryImageOfPage\":{\"@id\":\"https:\\\/\\\/scarto.co\\\/producto\\\/soporte-para-plancha-de-silicona\\\/#primaryimage\"},\"image\":{\"@id\":\"https:\\\/\\\/scarto.co\\\/producto\\\/soporte-para-plancha-de-silicona\\\/#primaryimage\"},\"thumbnailUrl\":\"https:\\\/\\\/scarto.co\\\/wp-content\\\/uploads\\\/2025\\\/07\\\/SOPORTE-PARA-PLANCHA-DE-SILICONA-4.png\",\"datePublished\":\"2025-07-09T15:09:49+00:00\",\"dateModified\":\"2026-01-13T05:33:47+00:00\",\"breadcrumb\":{\"@id\":\"https:\\\/\\\/scarto.co\\\/producto\\\/soporte-para-plancha-de-silicona\\\/#breadcrumb\"},\"inLanguage\":\"en-US\",\"potentialAction\":[{\"@type\":\"ReadAction\",\"target\":[\"https:\\\/\\\/scarto.co\\\/producto\\\/soporte-para-plancha-de-silicona\\\/\"]}]},{\"@type\":\"ImageObject\",\"inLanguage\":\"en-US\",\"@id\":\"https:\\\/\\\/scarto.co\\\/producto\\\/soporte-para-plancha-de-silicona\\\/#primaryimage\",\"url\":\"https:\\\/\\\/scarto.co\\\/wp-content\\\/uploads\\\/2025\\\/07\\\/SOPORTE-PARA-PLANCHA-DE-SILICONA-4.png\",\"contentUrl\":\"https:\\\/\\\/scarto.co\\\/wp-content\\\/uploads\\\/2025\\\/07\\\/SOPORTE-PARA-PLANCHA-DE-SILICONA-4.png\",\"width\":1600,\"height\":1600},{\"@type\":\"BreadcrumbList\",\"@id\":\"https:\\\/\\\/scarto.co\\\/producto\\\/soporte-para-plancha-de-silicona\\\/#breadcrumb\",\"itemListElement\":[{\"@type\":\"ListItem\",\"position\":1,\"name\":\"Portada\",\"item\":\"https:\\\/\\\/scarto.co\\\/\"},{\"@type\":\"ListItem\",\"position\":2,\"name\":\"Tienda\",\"item\":\"https:\\\/\\\/scarto.co\\\/tienda\\\/\"},{\"@type\":\"ListItem\",\"position\":3,\"name\":\"SOPORTE PARA PLANCHA DE SILICONA\"}]},{\"@type\":\"WebSite\",\"@id\":\"https:\\\/\\\/scarto.co\\\/#website\",\"url\":\"https:\\\/\\\/scarto.co\\\/\",\"name\":\"SCARTO - MOLDES DE SILICONA INDUSTRIAL\",\"description\":\"Silicona! Aliada de la tecnolog\u00eda, clave en la industria, moldeando el futuro con precisi\u00f3n.\",\"publisher\":{\"@id\":\"https:\\\/\\\/scarto.co\\\/#organization\"},\"potentialAction\":[{\"@type\":\"SearchAction\",\"target\":{\"@type\":\"EntryPoint\",\"urlTemplate\":\"https:\\\/\\\/scarto.co\\\/?s={search_term_string}\"},\"query-input\":{\"@type\":\"PropertyValueSpecification\",\"valueRequired\":true,\"valueName\":\"search_term_string\"}}],\"inLanguage\":\"en-US\"},{\"@type\":\"Organization\",\"@id\":\"https:\\\/\\\/scarto.co\\\/#organization\",\"name\":\"SCARTO - MOLDES DE SILICONA INDUSTRIAL\",\"url\":\"https:\\\/\\\/scarto.co\\\/\",\"logo\":{\"@type\":\"ImageObject\",\"inLanguage\":\"en-US\",\"@id\":\"https:\\\/\\\/scarto.co\\\/#\\\/schema\\\/logo\\\/image\\\/\",\"url\":\"https:\\\/\\\/scarto.co\\\/wp-content\\\/uploads\\\/2025\\\/07\\\/Venta-de-Moldes-de-Silicona-en-Colombia-4.png\",\"contentUrl\":\"https:\\\/\\\/scarto.co\\\/wp-content\\\/uploads\\\/2025\\\/07\\\/Venta-de-Moldes-de-Silicona-en-Colombia-4.png\",\"width\":525,\"height\":183,\"caption\":\"SCARTO - MOLDES DE SILICONA INDUSTRIAL\"},\"image\":{\"@id\":\"https:\\\/\\\/scarto.co\\\/#\\\/schema\\\/logo\\\/image\\\/\"},\"sameAs\":[\"https:\\\/\\\/www.facebook.com\\\/people\\\/Scarto\\\/100067381719590\\\/\",\"https:\\\/\\\/www.instagram.com\\\/scarto.co\\\/\"]}]}<\/script>\n<!-- \/ Yoast SEO plugin. -->","yoast_head_json":{"title":"SOPORTE PARA PLANCHA DE SILICONA - SCARTO - MOLDES DE SILICONA INDUSTRIAL","robots":{"index":"index","follow":"follow","max-snippet":"max-snippet:-1","max-image-preview":"max-image-preview:large","max-video-preview":"max-video-preview:-1"},"canonical":"https:\/\/scarto.co\/en\/product\/soporte-para-plancha-de-silicona\/","og_locale":"en_US","og_type":"article","og_title":"SOPORTE PARA PLANCHA DE SILICONA - SCARTO - MOLDES DE SILICONA INDUSTRIAL","og_description":"Alta duraci\u00f3n y resistencia al calor, ideal para uso dom\u00e9stico.  Superficie antideslizante con puntos en alto relieve para mayor estabilidad de la plancha.  Soporta temperaturas de hasta 220 \u00baC (428 \u00baF), superior al calor m\u00e1ximo de las planchas est\u00e1ndar.  Elaborado en silicona resistente, no se deforma ni pierde propiedades.  100% ecol\u00f3gico y amigable con el medio ambiente.","og_url":"https:\/\/scarto.co\/en\/product\/soporte-para-plancha-de-silicona\/","og_site_name":"SCARTO - MOLDES DE SILICONA INDUSTRIAL","article_publisher":"https:\/\/www.facebook.com\/people\/Scarto\/100067381719590\/","article_modified_time":"2026-01-13T05:33:47+00:00","og_image":[{"width":1024,"height":1024,"url":"https:\/\/scarto.co\/wp-content\/uploads\/2025\/07\/SOPORTE-PARA-PLANCHA-DE-SILICONA-4-1024x1024.png","type":"image\/png"}],"twitter_card":"summary_large_image","twitter_misc":{"Est. reading time":"1 minute"},"schema":{"@context":"https:\/\/schema.org","@graph":[{"@type":"WebPage","@id":"https:\/\/scarto.co\/producto\/soporte-para-plancha-de-silicona\/","url":"https:\/\/scarto.co\/producto\/soporte-para-plancha-de-silicona\/","name":"SOPORTE PARA PLANCHA DE SILICONA - SCARTO - MOLDES DE SILICONA INDUSTRIAL","isPartOf":{"@id":"https:\/\/scarto.co\/#website"},"primaryImageOfPage":{"@id":"https:\/\/scarto.co\/producto\/soporte-para-plancha-de-silicona\/#primaryimage"},"image":{"@id":"https:\/\/scarto.co\/producto\/soporte-para-plancha-de-silicona\/#primaryimage"},"thumbnailUrl":"https:\/\/scarto.co\/wp-content\/uploads\/2025\/07\/SOPORTE-PARA-PLANCHA-DE-SILICONA-4.png","datePublished":"2025-07-09T15:09:49+00:00","dateModified":"2026-01-13T05:33:47+00:00","breadcrumb":{"@id":"https:\/\/scarto.co\/producto\/soporte-para-plancha-de-silicona\/#breadcrumb"},"inLanguage":"en-US","potentialAction":[{"@type":"ReadAction","target":["https:\/\/scarto.co\/producto\/soporte-para-plancha-de-silicona\/"]}]},{"@type":"ImageObject","inLanguage":"en-US","@id":"https:\/\/scarto.co\/producto\/soporte-para-plancha-de-silicona\/#primaryimage","url":"https:\/\/scarto.co\/wp-content\/uploads\/2025\/07\/SOPORTE-PARA-PLANCHA-DE-SILICONA-4.png","contentUrl":"https:\/\/scarto.co\/wp-content\/uploads\/2025\/07\/SOPORTE-PARA-PLANCHA-DE-SILICONA-4.png","width":1600,"height":1600},{"@type":"BreadcrumbList","@id":"https:\/\/scarto.co\/producto\/soporte-para-plancha-de-silicona\/#breadcrumb","itemListElement":[{"@type":"ListItem","position":1,"name":"Portada","item":"https:\/\/scarto.co\/"},{"@type":"ListItem","position":2,"name":"Tienda","item":"https:\/\/scarto.co\/tienda\/"},{"@type":"ListItem","position":3,"name":"SOPORTE PARA PLANCHA DE SILICONA"}]},{"@type":"WebSite","@id":"https:\/\/scarto.co\/#website","url":"https:\/\/scarto.co\/","name":"SCARTO - INDUSTRIAL SILICONE MOLDS","description":"Silicone! An ally of technology, key to the industry, shaping the future with precision.","publisher":{"@id":"https:\/\/scarto.co\/#organization"},"potentialAction":[{"@type":"SearchAction","target":{"@type":"EntryPoint","urlTemplate":"https:\/\/scarto.co\/?s={search_term_string}"},"query-input":{"@type":"PropertyValueSpecification","valueRequired":true,"valueName":"search_term_string"}}],"inLanguage":"en-US"},{"@type":"Organization","@id":"https:\/\/scarto.co\/#organization","name":"SCARTO - INDUSTRIAL SILICONE MOLDS","url":"https:\/\/scarto.co\/","logo":{"@type":"ImageObject","inLanguage":"en-US","@id":"https:\/\/scarto.co\/#\/schema\/logo\/image\/","url":"https:\/\/scarto.co\/wp-content\/uploads\/2025\/07\/Venta-de-Moldes-de-Silicona-en-Colombia-4.png","contentUrl":"https:\/\/scarto.co\/wp-content\/uploads\/2025\/07\/Venta-de-Moldes-de-Silicona-en-Colombia-4.png","width":525,"height":183,"caption":"SCARTO - MOLDES DE SILICONA INDUSTRIAL"},"image":{"@id":"https:\/\/scarto.co\/#\/schema\/logo\/image\/"},"sameAs":["https:\/\/www.facebook.com\/people\/Scarto\/100067381719590\/","https:\/\/www.instagram.com\/scarto.co\/"]}]}},"_links":{"self":[{"href":"https:\/\/scarto.co\/en\/wp-json\/wp\/v2\/product\/621","targetHints":{"allow":["GET"]}}],"collection":[{"href":"https:\/\/scarto.co\/en\/wp-json\/wp\/v2\/product"}],"about":[{"href":"https:\/\/scarto.co\/en\/wp-json\/wp\/v2\/types\/product"}],"wp:featuredmedia":[{"embeddable":true,"href":"https:\/\/scarto.co\/en\/wp-json\/wp\/v2\/media\/625"}],"wp:attachment":[{"href":"https:\/\/scarto.co\/en\/wp-json\/wp\/v2\/media?parent=621"}],"wp:term":[{"taxonomy":"product_brand","embeddable":true,"href":"https:\/\/scarto.co\/en\/wp-json\/wp\/v2\/product_brand?post=621"},{"taxonomy":"product_cat","embeddable":true,"href":"https:\/\/scarto.co\/en\/wp-json\/wp\/v2\/product_cat?post=621"},{"taxonomy":"product_tag","embeddable":true,"href":"https:\/\/scarto.co\/en\/wp-json\/wp\/v2\/product_tag?post=621"}],"curies":[{"name":"wp","href":"https:\/\/api.w.org\/{rel}","templated":true}]}}