{"id":535,"date":"2025-07-09T13:29:05","date_gmt":"2025-07-09T13:29:05","guid":{"rendered":"https:\/\/scarto.info\/?post_type=product&#038;p=535"},"modified":"2026-01-13T05:41:27","modified_gmt":"2026-01-13T05:41:27","slug":"bolsa-aspiradora-samurai-hepa-x-2-uds","status":"publish","type":"product","link":"https:\/\/scarto.co\/en\/product\/bolsa-aspiradora-samurai-hepa-x-2-uds\/","title":{"rendered":"SAMURAI HEPA VACUUM CLEANER BAG X 2 UNITS"},"content":{"rendered":"","protected":false},"excerpt":{"rendered":"<ul>\n<li>They are specifically designed for use by people suffering from respiratory conditions.<\/li>\n<li>They trap dust mites, germs and bacteria.<\/li>\n<li>N95 Filtration<\/li>\n<li>Garantizan un aire m\u00e1s puro un 99%<\/li>\n<li>They do not burst or break.<\/li>\n<li>They last 50% longer than traditional paper bags.<\/li>\n<li>Ecological and biodegradable, they are friendly to the planet as they reduce paper consumption.<\/li>\n<li>The vacuum cleaner motor runs cooler, allowing for greater suction power.<\/li>\n<\/ul>","protected":false},"featured_media":522,"template":"","meta":{"site-sidebar-layout":"default","site-content-layout":"","ast-site-content-layout":"default","site-content-style":"default","site-sidebar-style":"default","ast-global-header-display":"","ast-banner-title-visibility":"","ast-main-header-display":"","ast-hfb-above-header-display":"","ast-hfb-below-header-display":"","ast-hfb-mobile-header-display":"","site-post-title":"","ast-breadcrumbs-content":"","ast-featured-img":"","footer-sml-layout":"","ast-disable-related-posts":"","theme-transparent-header-meta":"default","adv-header-id-meta":"","stick-header-meta":"default","header-above-stick-meta":"","header-main-stick-meta":"","header-below-stick-meta":"","astra-migrate-meta-layouts":"set","ast-page-background-enabled":"default","ast-page-background-meta":{"desktop":{"background-color":"var(--ast-global-color-4)","background-image":"","background-repeat":"repeat","background-position":"center center","background-size":"auto","background-attachment":"scroll","background-type":"","background-media":"","overlay-type":"","overlay-color":"","overlay-opacity":"","overlay-gradient":""},"tablet":{"background-color":"","background-image":"","background-repeat":"repeat","background-position":"center center","background-size":"auto","background-attachment":"scroll","background-type":"","background-media":"","overlay-type":"","overlay-color":"","overlay-opacity":"","overlay-gradient":""},"mobile":{"background-color":"","background-image":"","background-repeat":"repeat","background-position":"center center","background-size":"auto","background-attachment":"scroll","background-type":"","background-media":"","overlay-type":"","overlay-color":"","overlay-opacity":"","overlay-gradient":""}},"ast-content-background-meta":{"desktop":{"background-color":"var(--ast-global-color-5)","background-image":"","background-repeat":"repeat","background-position":"center center","background-size":"auto","background-attachment":"scroll","background-type":"","background-media":"","overlay-type":"","overlay-color":"","overlay-opacity":"","overlay-gradient":""},"tablet":{"background-color":"var(--ast-global-color-5)","background-image":"","background-repeat":"repeat","background-position":"center center","background-size":"auto","background-attachment":"scroll","background-type":"","background-media":"","overlay-type":"","overlay-color":"","overlay-opacity":"","overlay-gradient":""},"mobile":{"background-color":"var(--ast-global-color-5)","background-image":"","background-repeat":"repeat","background-position":"center center","background-size":"auto","background-attachment":"scroll","background-type":"","background-media":"","overlay-type":"","overlay-color":"","overlay-opacity":"","overlay-gradient":""}},"_joinchat":[]},"product_brand":[],"product_cat":[21],"product_tag":[],"class_list":{"0":"post-535","1":"product","2":"type-product","3":"status-publish","4":"has-post-thumbnail","6":"product_cat-bolsas-para-aspiradora","7":"desktop-align-left","8":"tablet-align-left","9":"mobile-align-left","10":"ast-product-gallery-layout-horizontal-slider","12":"first","13":"instock","14":"shipping-taxable","15":"purchasable","16":"product-type-simple"},"yoast_head":"<!-- This site is optimized with the Yoast SEO plugin v27.3 - https:\/\/yoast.com\/product\/yoast-seo-wordpress\/ -->\n<title>BOLSA ASPIRADORA SAMURAI HEPA X 2 UDS - SCARTO - MOLDES DE SILICONA INDUSTRIAL<\/title>\n<meta name=\"robots\" content=\"index, follow, max-snippet:-1, max-image-preview:large, max-video-preview:-1\" \/>\n<link rel=\"canonical\" href=\"https:\/\/scarto.co\/en\/product\/bolsa-aspiradora-samurai-hepa-x-2-uds\/\" \/>\n<meta property=\"og:locale\" content=\"en_US\" \/>\n<meta property=\"og:type\" content=\"article\" \/>\n<meta property=\"og:title\" content=\"BOLSA ASPIRADORA SAMURAI HEPA X 2 UDS - SCARTO - MOLDES DE SILICONA INDUSTRIAL\" \/>\n<meta property=\"og:description\" content=\"Son especiales para ser utilizadas por personas que sufren de afecciones respiradoras.  Atrapan \u00e1caros de polvo, g\u00e9rmenes y bacterias.  Filtraci\u00f3n N95  Garantizan un aire m\u00e1s puro un 99%  No se estallan ni se rompen.  Duran un 50% m\u00e1s que las tradicionales bolsas de papel.  Ecol\u00f3gicas y biodegradables, amigables con el planeta ya que reducen el consumo de papel.  El motor de la aspiradora trabaja m\u00e1s refrigerado lo que permite desarrollar mayor potencia de succi\u00f3n.\" \/>\n<meta property=\"og:url\" content=\"https:\/\/scarto.co\/en\/product\/bolsa-aspiradora-samurai-hepa-x-2-uds\/\" \/>\n<meta property=\"og:site_name\" content=\"SCARTO - MOLDES DE SILICONA INDUSTRIAL\" \/>\n<meta property=\"article:publisher\" content=\"https:\/\/www.facebook.com\/people\/Scarto\/100067381719590\/\" \/>\n<meta property=\"article:modified_time\" content=\"2026-01-13T05:41:27+00:00\" \/>\n<meta property=\"og:image\" content=\"https:\/\/scarto.co\/wp-content\/uploads\/2025\/07\/BOLSA-ASPIRADORA-SAMURAI-HEPA-X-2-UDS-3.jpg\" \/>\n\t<meta property=\"og:image:width\" content=\"1000\" \/>\n\t<meta property=\"og:image:height\" content=\"1000\" \/>\n\t<meta property=\"og:image:type\" content=\"image\/jpeg\" \/>\n<meta name=\"twitter:card\" content=\"summary_large_image\" \/>\n<meta name=\"twitter:label1\" content=\"Est. reading time\" \/>\n\t<meta name=\"twitter:data1\" content=\"1 minute\" \/>\n<script type=\"application\/ld+json\" class=\"yoast-schema-graph\">{\"@context\":\"https:\\\/\\\/schema.org\",\"@graph\":[{\"@type\":\"WebPage\",\"@id\":\"https:\\\/\\\/scarto.co\\\/producto\\\/bolsa-aspiradora-samurai-hepa-x-2-uds\\\/\",\"url\":\"https:\\\/\\\/scarto.co\\\/producto\\\/bolsa-aspiradora-samurai-hepa-x-2-uds\\\/\",\"name\":\"BOLSA ASPIRADORA SAMURAI HEPA X 2 UDS - SCARTO - MOLDES DE SILICONA INDUSTRIAL\",\"isPartOf\":{\"@id\":\"https:\\\/\\\/scarto.co\\\/#website\"},\"primaryImageOfPage\":{\"@id\":\"https:\\\/\\\/scarto.co\\\/producto\\\/bolsa-aspiradora-samurai-hepa-x-2-uds\\\/#primaryimage\"},\"image\":{\"@id\":\"https:\\\/\\\/scarto.co\\\/producto\\\/bolsa-aspiradora-samurai-hepa-x-2-uds\\\/#primaryimage\"},\"thumbnailUrl\":\"https:\\\/\\\/scarto.co\\\/wp-content\\\/uploads\\\/2025\\\/07\\\/BOLSA-ASPIRADORA-SAMURAI-HEPA-X-2-UDS-3.jpg\",\"datePublished\":\"2025-07-09T13:29:05+00:00\",\"dateModified\":\"2026-01-13T05:41:27+00:00\",\"breadcrumb\":{\"@id\":\"https:\\\/\\\/scarto.co\\\/producto\\\/bolsa-aspiradora-samurai-hepa-x-2-uds\\\/#breadcrumb\"},\"inLanguage\":\"en-US\",\"potentialAction\":[{\"@type\":\"ReadAction\",\"target\":[\"https:\\\/\\\/scarto.co\\\/producto\\\/bolsa-aspiradora-samurai-hepa-x-2-uds\\\/\"]}]},{\"@type\":\"ImageObject\",\"inLanguage\":\"en-US\",\"@id\":\"https:\\\/\\\/scarto.co\\\/producto\\\/bolsa-aspiradora-samurai-hepa-x-2-uds\\\/#primaryimage\",\"url\":\"https:\\\/\\\/scarto.co\\\/wp-content\\\/uploads\\\/2025\\\/07\\\/BOLSA-ASPIRADORA-SAMURAI-HEPA-X-2-UDS-3.jpg\",\"contentUrl\":\"https:\\\/\\\/scarto.co\\\/wp-content\\\/uploads\\\/2025\\\/07\\\/BOLSA-ASPIRADORA-SAMURAI-HEPA-X-2-UDS-3.jpg\",\"width\":1000,\"height\":1000},{\"@type\":\"BreadcrumbList\",\"@id\":\"https:\\\/\\\/scarto.co\\\/producto\\\/bolsa-aspiradora-samurai-hepa-x-2-uds\\\/#breadcrumb\",\"itemListElement\":[{\"@type\":\"ListItem\",\"position\":1,\"name\":\"Portada\",\"item\":\"https:\\\/\\\/scarto.co\\\/\"},{\"@type\":\"ListItem\",\"position\":2,\"name\":\"Tienda\",\"item\":\"https:\\\/\\\/scarto.co\\\/tienda\\\/\"},{\"@type\":\"ListItem\",\"position\":3,\"name\":\"BOLSA ASPIRADORA SAMURAI HEPA X 2 UDS\"}]},{\"@type\":\"WebSite\",\"@id\":\"https:\\\/\\\/scarto.co\\\/#website\",\"url\":\"https:\\\/\\\/scarto.co\\\/\",\"name\":\"SCARTO - MOLDES DE SILICONA INDUSTRIAL\",\"description\":\"Silicona! Aliada de la tecnolog\u00eda, clave en la industria, moldeando el futuro con precisi\u00f3n.\",\"publisher\":{\"@id\":\"https:\\\/\\\/scarto.co\\\/#organization\"},\"potentialAction\":[{\"@type\":\"SearchAction\",\"target\":{\"@type\":\"EntryPoint\",\"urlTemplate\":\"https:\\\/\\\/scarto.co\\\/?s={search_term_string}\"},\"query-input\":{\"@type\":\"PropertyValueSpecification\",\"valueRequired\":true,\"valueName\":\"search_term_string\"}}],\"inLanguage\":\"en-US\"},{\"@type\":\"Organization\",\"@id\":\"https:\\\/\\\/scarto.co\\\/#organization\",\"name\":\"SCARTO - MOLDES DE SILICONA INDUSTRIAL\",\"url\":\"https:\\\/\\\/scarto.co\\\/\",\"logo\":{\"@type\":\"ImageObject\",\"inLanguage\":\"en-US\",\"@id\":\"https:\\\/\\\/scarto.co\\\/#\\\/schema\\\/logo\\\/image\\\/\",\"url\":\"https:\\\/\\\/scarto.co\\\/wp-content\\\/uploads\\\/2025\\\/07\\\/Venta-de-Moldes-de-Silicona-en-Colombia-4.png\",\"contentUrl\":\"https:\\\/\\\/scarto.co\\\/wp-content\\\/uploads\\\/2025\\\/07\\\/Venta-de-Moldes-de-Silicona-en-Colombia-4.png\",\"width\":525,\"height\":183,\"caption\":\"SCARTO - MOLDES DE SILICONA INDUSTRIAL\"},\"image\":{\"@id\":\"https:\\\/\\\/scarto.co\\\/#\\\/schema\\\/logo\\\/image\\\/\"},\"sameAs\":[\"https:\\\/\\\/www.facebook.com\\\/people\\\/Scarto\\\/100067381719590\\\/\",\"https:\\\/\\\/www.instagram.com\\\/scarto.co\\\/\"]}]}<\/script>\n<!-- \/ Yoast SEO plugin. -->","yoast_head_json":{"title":"BOLSA ASPIRADORA SAMURAI HEPA X 2 UDS - SCARTO - MOLDES DE SILICONA INDUSTRIAL","robots":{"index":"index","follow":"follow","max-snippet":"max-snippet:-1","max-image-preview":"max-image-preview:large","max-video-preview":"max-video-preview:-1"},"canonical":"https:\/\/scarto.co\/en\/product\/bolsa-aspiradora-samurai-hepa-x-2-uds\/","og_locale":"en_US","og_type":"article","og_title":"BOLSA ASPIRADORA SAMURAI HEPA X 2 UDS - SCARTO - MOLDES DE SILICONA INDUSTRIAL","og_description":"Son especiales para ser utilizadas por personas que sufren de afecciones respiradoras.  Atrapan \u00e1caros de polvo, g\u00e9rmenes y bacterias.  Filtraci\u00f3n N95  Garantizan un aire m\u00e1s puro un 99%  No se estallan ni se rompen.  Duran un 50% m\u00e1s que las tradicionales bolsas de papel.  Ecol\u00f3gicas y biodegradables, amigables con el planeta ya que reducen el consumo de papel.  El motor de la aspiradora trabaja m\u00e1s refrigerado lo que permite desarrollar mayor potencia de succi\u00f3n.","og_url":"https:\/\/scarto.co\/en\/product\/bolsa-aspiradora-samurai-hepa-x-2-uds\/","og_site_name":"SCARTO - MOLDES DE SILICONA INDUSTRIAL","article_publisher":"https:\/\/www.facebook.com\/people\/Scarto\/100067381719590\/","article_modified_time":"2026-01-13T05:41:27+00:00","og_image":[{"width":1000,"height":1000,"url":"https:\/\/scarto.co\/wp-content\/uploads\/2025\/07\/BOLSA-ASPIRADORA-SAMURAI-HEPA-X-2-UDS-3.jpg","type":"image\/jpeg"}],"twitter_card":"summary_large_image","twitter_misc":{"Est. reading time":"1 minute"},"schema":{"@context":"https:\/\/schema.org","@graph":[{"@type":"WebPage","@id":"https:\/\/scarto.co\/producto\/bolsa-aspiradora-samurai-hepa-x-2-uds\/","url":"https:\/\/scarto.co\/producto\/bolsa-aspiradora-samurai-hepa-x-2-uds\/","name":"BOLSA ASPIRADORA SAMURAI HEPA X 2 UDS - SCARTO - MOLDES DE SILICONA INDUSTRIAL","isPartOf":{"@id":"https:\/\/scarto.co\/#website"},"primaryImageOfPage":{"@id":"https:\/\/scarto.co\/producto\/bolsa-aspiradora-samurai-hepa-x-2-uds\/#primaryimage"},"image":{"@id":"https:\/\/scarto.co\/producto\/bolsa-aspiradora-samurai-hepa-x-2-uds\/#primaryimage"},"thumbnailUrl":"https:\/\/scarto.co\/wp-content\/uploads\/2025\/07\/BOLSA-ASPIRADORA-SAMURAI-HEPA-X-2-UDS-3.jpg","datePublished":"2025-07-09T13:29:05+00:00","dateModified":"2026-01-13T05:41:27+00:00","breadcrumb":{"@id":"https:\/\/scarto.co\/producto\/bolsa-aspiradora-samurai-hepa-x-2-uds\/#breadcrumb"},"inLanguage":"en-US","potentialAction":[{"@type":"ReadAction","target":["https:\/\/scarto.co\/producto\/bolsa-aspiradora-samurai-hepa-x-2-uds\/"]}]},{"@type":"ImageObject","inLanguage":"en-US","@id":"https:\/\/scarto.co\/producto\/bolsa-aspiradora-samurai-hepa-x-2-uds\/#primaryimage","url":"https:\/\/scarto.co\/wp-content\/uploads\/2025\/07\/BOLSA-ASPIRADORA-SAMURAI-HEPA-X-2-UDS-3.jpg","contentUrl":"https:\/\/scarto.co\/wp-content\/uploads\/2025\/07\/BOLSA-ASPIRADORA-SAMURAI-HEPA-X-2-UDS-3.jpg","width":1000,"height":1000},{"@type":"BreadcrumbList","@id":"https:\/\/scarto.co\/producto\/bolsa-aspiradora-samurai-hepa-x-2-uds\/#breadcrumb","itemListElement":[{"@type":"ListItem","position":1,"name":"Portada","item":"https:\/\/scarto.co\/"},{"@type":"ListItem","position":2,"name":"Tienda","item":"https:\/\/scarto.co\/tienda\/"},{"@type":"ListItem","position":3,"name":"BOLSA ASPIRADORA SAMURAI HEPA X 2 UDS"}]},{"@type":"WebSite","@id":"https:\/\/scarto.co\/#website","url":"https:\/\/scarto.co\/","name":"SCARTO - INDUSTRIAL SILICONE MOLDS","description":"Silicone! An ally of technology, key to the industry, shaping the future with precision.","publisher":{"@id":"https:\/\/scarto.co\/#organization"},"potentialAction":[{"@type":"SearchAction","target":{"@type":"EntryPoint","urlTemplate":"https:\/\/scarto.co\/?s={search_term_string}"},"query-input":{"@type":"PropertyValueSpecification","valueRequired":true,"valueName":"search_term_string"}}],"inLanguage":"en-US"},{"@type":"Organization","@id":"https:\/\/scarto.co\/#organization","name":"SCARTO - INDUSTRIAL SILICONE MOLDS","url":"https:\/\/scarto.co\/","logo":{"@type":"ImageObject","inLanguage":"en-US","@id":"https:\/\/scarto.co\/#\/schema\/logo\/image\/","url":"https:\/\/scarto.co\/wp-content\/uploads\/2025\/07\/Venta-de-Moldes-de-Silicona-en-Colombia-4.png","contentUrl":"https:\/\/scarto.co\/wp-content\/uploads\/2025\/07\/Venta-de-Moldes-de-Silicona-en-Colombia-4.png","width":525,"height":183,"caption":"SCARTO - MOLDES DE SILICONA INDUSTRIAL"},"image":{"@id":"https:\/\/scarto.co\/#\/schema\/logo\/image\/"},"sameAs":["https:\/\/www.facebook.com\/people\/Scarto\/100067381719590\/","https:\/\/www.instagram.com\/scarto.co\/"]}]}},"_links":{"self":[{"href":"https:\/\/scarto.co\/en\/wp-json\/wp\/v2\/product\/535","targetHints":{"allow":["GET"]}}],"collection":[{"href":"https:\/\/scarto.co\/en\/wp-json\/wp\/v2\/product"}],"about":[{"href":"https:\/\/scarto.co\/en\/wp-json\/wp\/v2\/types\/product"}],"wp:featuredmedia":[{"embeddable":true,"href":"https:\/\/scarto.co\/en\/wp-json\/wp\/v2\/media\/522"}],"wp:attachment":[{"href":"https:\/\/scarto.co\/en\/wp-json\/wp\/v2\/media?parent=535"}],"wp:term":[{"taxonomy":"product_brand","embeddable":true,"href":"https:\/\/scarto.co\/en\/wp-json\/wp\/v2\/product_brand?post=535"},{"taxonomy":"product_cat","embeddable":true,"href":"https:\/\/scarto.co\/en\/wp-json\/wp\/v2\/product_cat?post=535"},{"taxonomy":"product_tag","embeddable":true,"href":"https:\/\/scarto.co\/en\/wp-json\/wp\/v2\/product_tag?post=535"}],"curies":[{"name":"wp","href":"https:\/\/api.w.org\/{rel}","templated":true}]}}